{"id":204,"date":"2018-01-09T09:02:36","date_gmt":"2018-01-09T09:02:36","guid":{"rendered":"https:\/\/www.libemaprofcycling.nl\/?page_id=204"},"modified":"2018-05-10T12:29:48","modified_gmt":"2018-05-10T12:29:48","slug":"about-libema-profcycling","status":"publish","type":"page","link":"https:\/\/libemaprofcycling.nl\/en\/home\/about-libema-profcycling\/","title":{"rendered":"About Libe\u0301ma Profcycling"},"content":{"rendered":"<h3>Lib\u00e9ma<\/h3>\n<p>Lib\u00e9ma, one of the largest leisure concerns in the Netherlands welcomes 5.1 million guests per year. Lib\u00e9ma offers numerous activities for the entire family from adventurous amusement parks to tranquil holiday parks as well as events for the business community. In addition, Lib\u00e9ma organises various trade fairs and public events throughout the year such as Indoor Brabant, the ATP tennis tournament UNICEF Open and LEGO WORLD.<\/p>\n<p>Lib\u00e9ma comprises three divisions: Amusement Parks, Holiday Parks and Fairs &#038; Events. The Fairs &#038; Events division also includes the operating company Lib\u00e9ma Profcycling.<\/p>\n<h3>Lib\u00e9ma profcycling<\/h3>\n<p>Lib\u00e9ma Profcycling operates in all facets of cycling. One of the pillars of Lib\u00e9ma Profcycling is the Neutral Service Team, whose main sponsor is Shimano. This team provides material services at cycling competitions. Professional, experienced staff offer quick and efficient service wherever this is needed. The Neutral Service Team assists in some 150 races annually like  Omloop Het Nieuwsblad, the Flanders Tour, the Amstel Gold Race, the World Championships Road Racing and the Olympic road races (Athens, Peking and London).<br \/>\nMoreover, Lib\u00e9ma Profcycling has also developed numerous other activities. In 2006 they were responsible for the organisation of the arrival of the Tour Stage in Valkenburg aan de Geul. Several years ago, Lib\u00e9ma Profcycling entered into a cooperative venture with the Giro d\u2019Italia, one of the other great cycling tours, which ultimately resulted in the decision to kick start the Giro in the Netherlands in 2010 and 2016. Lib\u00e9ma Profcycling not only played a key role in the preparations but was also at the forefront of organising the Giro Stages in the Netherlands. Therefore, whether advisory or organisational expertise is required, Lib\u00e9ma Profcycling can make a major contribution to the success of large (cycling) events.<br \/>\nSince September 2008, Lib\u00e9ma also operates the new unique top sport location Omnisport Apeldoorn. Each year in Omnisport, Lib\u00e9ma Profcycling organises the Dutch Track Cycling Championships. But also in 2011 the Track Cycling World Championships, the 2011 and 2013 European Championships Track Cycling and the 2016 UCI Track Cycling World Cup.  And from 28 February &#8211; 4 March, the world championship track cycling was host for the second time in Omnisport Apeldoorn.<\/p>\n<p>And other events:<\/p>\n<ul id=\"evenementen-lijst\">\n<li class=\"lijst-item\">2018: European Championships Cyclo-cross &#8216;s-Hertogenbosch<\/li>\n<li class=\"lijst-item\">2018: UCI World Championships Baanwielrennen Apeldoorn<\/li>\n<li class=\"lijst-item\">2017: Trackseries<\/li>\n<li class=\"lijst-item\">2016: UCI World Cup Track Cycling Apeldoorn<\/li>\n<li class=\"lijst-item\">2016: Start Giro d&#8217;Italia the Netherlands\/Gelderland<\/li>\n<li class=\"lijst-item\">2013, 2014 3-banentoernooi<\/li>\n<li class=\"lijst-item\">2013: GP Sprint<\/li>\n<li class=\"lijst-item\">2013: European Championships Track Cycling Apeldoorn<\/li>\n<li class=\"lijst-item\">2012: European Championships Road Cycling for juniors and U23.<\/li>\n<li class=\"lijst-item\">2011: European Championships Track Cycling Apeldoorn<\/li>\n<li class=\"lijst-item\">2011: UCI World Championships Track Cycling Apeldoorn<\/li>\n<li class=\"lijst-item\">2010: Start Giro d&#8217;Italia in the Netherlands<\/li>\n<li class=\"lijst-item\">2009: Sixdays Apeldoorn<\/li>\n<li class=\"lijst-item\">From 2008: Interland Junioren &#8220;the next generation&#8221;<\/li>\n<li class=\"lijst-item\">2008: Belgium Road Championhips Knokke-Heist\u00a0<\/li>\n<li class=\"lijst-item\">2007: Tourstart Waregem\u00a0<\/li>\n<li class=\"lijst-item\">2006: Tour arrival Valkenburg\u00a0<\/li>\n<li class=\"lijst-item\">From 2004: Incentive &#8220;The Incredibles&#8221; Alpe d&#8217;Huez<\/li>\n<li class=\"lijst-item\">2003: Start Eneco Tour Middelburg\u00a0<\/li>\n<li class=\"lijst-item\">2001: Promotioncampaign DYMO Tour of Spain<\/li>\n<\/ul>\n","protected":false},"excerpt":{"rendered":"<p>Lib\u00e9ma Lib\u00e9ma, one of the largest leisure concerns in the Netherlands welcomes 5.1 million guests per year. Lib\u00e9ma offers numerous activities for the &hellip;<\/p>\n","protected":false},"author":1,"featured_media":0,"parent":183,"menu_order":0,"comment_status":"closed","ping_status":"closed","template":"page-vervolg-side.php","meta":{"inline_featured_image":false,"footnotes":""},"class_list":["post-204","page","type-page","status-publish","hentry"],"acf":[],"yoast_head":"<!-- This site is optimized with the Yoast SEO plugin v23.5 - https:\/\/yoast.com\/wordpress\/plugins\/seo\/ -->\n<title>About Libe\u0301ma Profcycling - Libema Profcycling<\/title>\n<meta name=\"robots\" content=\"index, follow, max-snippet:-1, max-image-preview:large, max-video-preview:-1\" \/>\n<link rel=\"canonical\" href=\"https:\/\/libemaprofcycling.nl\/en\/home\/about-libema-profcycling\/\" \/>\n<meta property=\"og:locale\" content=\"en_US\" \/>\n<meta property=\"og:type\" content=\"article\" \/>\n<meta property=\"og:title\" content=\"About Libe\u0301ma Profcycling - Libema Profcycling\" \/>\n<meta property=\"og:description\" content=\"Lib\u00e9ma Lib\u00e9ma, one of the largest leisure concerns in the Netherlands welcomes 5.1 million guests per year. Lib\u00e9ma offers numerous activities for the &hellip;\" \/>\n<meta property=\"og:url\" content=\"https:\/\/libemaprofcycling.nl\/en\/home\/about-libema-profcycling\/\" \/>\n<meta property=\"og:site_name\" content=\"Libema Profcycling\" \/>\n<meta property=\"article:modified_time\" content=\"2018-05-10T12:29:48+00:00\" \/>\n<meta name=\"twitter:card\" content=\"summary_large_image\" \/>\n<meta name=\"twitter:label1\" content=\"Est. reading time\" \/>\n\t<meta name=\"twitter:data1\" content=\"2 minutes\" \/>\n<script type=\"application\/ld+json\" class=\"yoast-schema-graph\">{\"@context\":\"https:\/\/schema.org\",\"@graph\":[{\"@type\":\"WebPage\",\"@id\":\"https:\/\/libemaprofcycling.nl\/en\/home\/about-libema-profcycling\/\",\"url\":\"https:\/\/libemaprofcycling.nl\/en\/home\/about-libema-profcycling\/\",\"name\":\"About Libe\u0301ma Profcycling - Libema Profcycling\",\"isPartOf\":{\"@id\":\"https:\/\/libemaprofcycling.nl\/en\/#website\"},\"datePublished\":\"2018-01-09T09:02:36+00:00\",\"dateModified\":\"2018-05-10T12:29:48+00:00\",\"breadcrumb\":{\"@id\":\"https:\/\/libemaprofcycling.nl\/en\/home\/about-libema-profcycling\/#breadcrumb\"},\"inLanguage\":\"en-US\",\"potentialAction\":[{\"@type\":\"ReadAction\",\"target\":[\"https:\/\/libemaprofcycling.nl\/en\/home\/about-libema-profcycling\/\"]}]},{\"@type\":\"BreadcrumbList\",\"@id\":\"https:\/\/libemaprofcycling.nl\/en\/home\/about-libema-profcycling\/#breadcrumb\",\"itemListElement\":[{\"@type\":\"ListItem\",\"position\":1,\"name\":\"Home\",\"item\":\"https:\/\/libemaprofcycling.nl\/en\/\"},{\"@type\":\"ListItem\",\"position\":2,\"name\":\"Home\",\"item\":\"https:\/\/libemaprofcycling.nl\/en\/\"},{\"@type\":\"ListItem\",\"position\":3,\"name\":\"About Libe\u0301ma Profcycling\"}]},{\"@type\":\"WebSite\",\"@id\":\"https:\/\/libemaprofcycling.nl\/en\/#website\",\"url\":\"https:\/\/libemaprofcycling.nl\/en\/\",\"name\":\"Libema Profcycling\",\"description\":\"Libema\",\"potentialAction\":[{\"@type\":\"SearchAction\",\"target\":{\"@type\":\"EntryPoint\",\"urlTemplate\":\"https:\/\/libemaprofcycling.nl\/en\/?s={search_term_string}\"},\"query-input\":{\"@type\":\"PropertyValueSpecification\",\"valueRequired\":true,\"valueName\":\"search_term_string\"}}],\"inLanguage\":\"en-US\"}]}<\/script>\n<!-- \/ Yoast SEO plugin. -->","yoast_head_json":{"title":"About Libe\u0301ma Profcycling - Libema Profcycling","robots":{"index":"index","follow":"follow","max-snippet":"max-snippet:-1","max-image-preview":"max-image-preview:large","max-video-preview":"max-video-preview:-1"},"canonical":"https:\/\/libemaprofcycling.nl\/en\/home\/about-libema-profcycling\/","og_locale":"en_US","og_type":"article","og_title":"About Libe\u0301ma Profcycling - Libema Profcycling","og_description":"Lib\u00e9ma Lib\u00e9ma, one of the largest leisure concerns in the Netherlands welcomes 5.1 million guests per year. Lib\u00e9ma offers numerous activities for the &hellip;","og_url":"https:\/\/libemaprofcycling.nl\/en\/home\/about-libema-profcycling\/","og_site_name":"Libema Profcycling","article_modified_time":"2018-05-10T12:29:48+00:00","twitter_card":"summary_large_image","twitter_misc":{"Est. reading time":"2 minutes"},"schema":{"@context":"https:\/\/schema.org","@graph":[{"@type":"WebPage","@id":"https:\/\/libemaprofcycling.nl\/en\/home\/about-libema-profcycling\/","url":"https:\/\/libemaprofcycling.nl\/en\/home\/about-libema-profcycling\/","name":"About Libe\u0301ma Profcycling - Libema Profcycling","isPartOf":{"@id":"https:\/\/libemaprofcycling.nl\/en\/#website"},"datePublished":"2018-01-09T09:02:36+00:00","dateModified":"2018-05-10T12:29:48+00:00","breadcrumb":{"@id":"https:\/\/libemaprofcycling.nl\/en\/home\/about-libema-profcycling\/#breadcrumb"},"inLanguage":"en-US","potentialAction":[{"@type":"ReadAction","target":["https:\/\/libemaprofcycling.nl\/en\/home\/about-libema-profcycling\/"]}]},{"@type":"BreadcrumbList","@id":"https:\/\/libemaprofcycling.nl\/en\/home\/about-libema-profcycling\/#breadcrumb","itemListElement":[{"@type":"ListItem","position":1,"name":"Home","item":"https:\/\/libemaprofcycling.nl\/en\/"},{"@type":"ListItem","position":2,"name":"Home","item":"https:\/\/libemaprofcycling.nl\/en\/"},{"@type":"ListItem","position":3,"name":"About Libe\u0301ma Profcycling"}]},{"@type":"WebSite","@id":"https:\/\/libemaprofcycling.nl\/en\/#website","url":"https:\/\/libemaprofcycling.nl\/en\/","name":"Libema Profcycling","description":"Libema","potentialAction":[{"@type":"SearchAction","target":{"@type":"EntryPoint","urlTemplate":"https:\/\/libemaprofcycling.nl\/en\/?s={search_term_string}"},"query-input":{"@type":"PropertyValueSpecification","valueRequired":true,"valueName":"search_term_string"}}],"inLanguage":"en-US"}]}},"_links":{"self":[{"href":"https:\/\/libemaprofcycling.nl\/en\/wp-json\/wp\/v2\/pages\/204","targetHints":{"allow":["GET"]}}],"collection":[{"href":"https:\/\/libemaprofcycling.nl\/en\/wp-json\/wp\/v2\/pages"}],"about":[{"href":"https:\/\/libemaprofcycling.nl\/en\/wp-json\/wp\/v2\/types\/page"}],"author":[{"embeddable":true,"href":"https:\/\/libemaprofcycling.nl\/en\/wp-json\/wp\/v2\/users\/1"}],"replies":[{"embeddable":true,"href":"https:\/\/libemaprofcycling.nl\/en\/wp-json\/wp\/v2\/comments?post=204"}],"version-history":[{"count":0,"href":"https:\/\/libemaprofcycling.nl\/en\/wp-json\/wp\/v2\/pages\/204\/revisions"}],"up":[{"embeddable":true,"href":"https:\/\/libemaprofcycling.nl\/en\/wp-json\/wp\/v2\/pages\/183"}],"wp:attachment":[{"href":"https:\/\/libemaprofcycling.nl\/en\/wp-json\/wp\/v2\/media?parent=204"}],"curies":[{"name":"wp","href":"https:\/\/api.w.org\/{rel}","templated":true}]}}