{"id":310,"date":"2018-01-23T11:29:33","date_gmt":"2018-01-23T11:29:33","guid":{"rendered":"https:\/\/www.libemaprofcycling.nl\/?page_id=310"},"modified":"2018-05-25T10:10:16","modified_gmt":"2018-05-25T10:10:16","slug":"disclaimer-libema-profcycling","status":"publish","type":"page","link":"https:\/\/libemaprofcycling.nl\/en\/disclaimer-libema-profcycling\/","title":{"rendered":"Disclaimer Lib\u00e9ma Profcycling"},"content":{"rendered":"<p>The website www.libemaprofcycling.nl and www.neutraleservice.nl  are maintained for the benefit of Lib\u00e9ma Prof Cycling B.V. All its components, except for certain (hyper) links to companies or organisations with whom we (temporarily) cooperate, are the property of a company associated with Lib\u00e9ma Prof Cycling B.V..<\/p>\n<p>Access to and use of the website and the products and services available through the website are governed by this Disclaimer and the Privacy Statement.<\/p>\n<p>The website or parts thereof may not be disclosed, copied, downloaded or otherwise reproduced or stored without the prior written permission of Lib\u00e9ma Prof Cycling B.V..<\/p>\n<p>The content of the website and other online communications by Lib\u00e9ma Prof Cycling B.V. have been compiled with the utmost care. Nevertheless, information published by Lib\u00e9ma Prof Cycling B.V. may be incomplete and\/or incorrect. The information provided is not legally binding. The information on the website is regularly updated and\/or modified. Lib\u00e9ma Prof Cycling B.V. reserves the right to make any changes with immediate effect and without any prior notice. Lib\u00e9ma Prof Cycling B.V. accepts no liability for (alleged) damage resulting from your access (or from being unable to obtain access) to the website.<\/p>\n<p>The use of any links to third-party websites displayed by Lib\u00e9ma Prof Cycling B.V. is entirely at your own risk.<\/p>\n<p>Lib\u00e9ma Prof Cycling B.V. accepts no responsibility for the content of websites that are not maintained by Lib\u00e9ma Prof Cycling B.V. and which are referred to or which refer to the websites of Lib\u00e9ma Prof Cycling B.V. and\/or companies affiliated with Lib\u00e9ma Prof Cycling B.V.<\/p>\n<p>October 2017 \u00a9<\/p>\n<p>If questions arise as a result of this disclaimer, please contact:<\/p>\n<p>Lib\u00e9ma Prof Cycling B.V.<br \/>\nAddress: Graafsebaan 133, 5248NL Rosmalen, The Netherlands<br \/>\nPhone: +31 73-5282200<br \/>\nE-mail: <a href=\"mailto:profcycling@libema.nl\">profcycling@libema.nl<\/a><\/p>\n","protected":false},"excerpt":{"rendered":"<p>The website www.libemaprofcycling.nl and www.neutraleservice.nl are maintained for the benefit of Lib\u00e9ma Prof Cycling B.V. All its components, except for certain (hyper) links &hellip;<\/p>\n","protected":false},"author":1,"featured_media":0,"parent":0,"menu_order":0,"comment_status":"closed","ping_status":"closed","template":"page-vervolg-side.php","meta":{"inline_featured_image":false,"footnotes":""},"class_list":["post-310","page","type-page","status-publish","hentry"],"acf":[],"yoast_head":"<!-- This site is optimized with the Yoast SEO plugin v23.5 - https:\/\/yoast.com\/wordpress\/plugins\/seo\/ -->\n<title>Disclaimer Lib\u00e9ma Profcycling - Libema Profcycling<\/title>\n<meta name=\"robots\" content=\"index, follow, max-snippet:-1, max-image-preview:large, max-video-preview:-1\" \/>\n<link rel=\"canonical\" href=\"https:\/\/libemaprofcycling.nl\/en\/disclaimer-libema-profcycling\/\" \/>\n<meta property=\"og:locale\" content=\"en_US\" \/>\n<meta property=\"og:type\" content=\"article\" \/>\n<meta property=\"og:title\" content=\"Disclaimer Lib\u00e9ma Profcycling - Libema Profcycling\" \/>\n<meta property=\"og:description\" content=\"The website www.libemaprofcycling.nl and www.neutraleservice.nl are maintained for the benefit of Lib\u00e9ma Prof Cycling B.V. All its components, except for certain (hyper) links &hellip;\" \/>\n<meta property=\"og:url\" content=\"https:\/\/libemaprofcycling.nl\/en\/disclaimer-libema-profcycling\/\" \/>\n<meta property=\"og:site_name\" content=\"Libema Profcycling\" \/>\n<meta property=\"article:modified_time\" content=\"2018-05-25T10:10:16+00:00\" \/>\n<meta name=\"twitter:card\" content=\"summary_large_image\" \/>\n<meta name=\"twitter:label1\" content=\"Est. reading time\" \/>\n\t<meta name=\"twitter:data1\" content=\"2 minutes\" \/>\n<script type=\"application\/ld+json\" class=\"yoast-schema-graph\">{\"@context\":\"https:\/\/schema.org\",\"@graph\":[{\"@type\":\"WebPage\",\"@id\":\"https:\/\/libemaprofcycling.nl\/en\/disclaimer-libema-profcycling\/\",\"url\":\"https:\/\/libemaprofcycling.nl\/en\/disclaimer-libema-profcycling\/\",\"name\":\"Disclaimer Lib\u00e9ma Profcycling - Libema Profcycling\",\"isPartOf\":{\"@id\":\"https:\/\/libemaprofcycling.nl\/en\/#website\"},\"datePublished\":\"2018-01-23T11:29:33+00:00\",\"dateModified\":\"2018-05-25T10:10:16+00:00\",\"breadcrumb\":{\"@id\":\"https:\/\/libemaprofcycling.nl\/en\/disclaimer-libema-profcycling\/#breadcrumb\"},\"inLanguage\":\"en-US\",\"potentialAction\":[{\"@type\":\"ReadAction\",\"target\":[\"https:\/\/libemaprofcycling.nl\/en\/disclaimer-libema-profcycling\/\"]}]},{\"@type\":\"BreadcrumbList\",\"@id\":\"https:\/\/libemaprofcycling.nl\/en\/disclaimer-libema-profcycling\/#breadcrumb\",\"itemListElement\":[{\"@type\":\"ListItem\",\"position\":1,\"name\":\"Home\",\"item\":\"https:\/\/libemaprofcycling.nl\/en\/\"},{\"@type\":\"ListItem\",\"position\":2,\"name\":\"Disclaimer Lib\u00e9ma Profcycling\"}]},{\"@type\":\"WebSite\",\"@id\":\"https:\/\/libemaprofcycling.nl\/en\/#website\",\"url\":\"https:\/\/libemaprofcycling.nl\/en\/\",\"name\":\"Libema Profcycling\",\"description\":\"Libema\",\"potentialAction\":[{\"@type\":\"SearchAction\",\"target\":{\"@type\":\"EntryPoint\",\"urlTemplate\":\"https:\/\/libemaprofcycling.nl\/en\/?s={search_term_string}\"},\"query-input\":{\"@type\":\"PropertyValueSpecification\",\"valueRequired\":true,\"valueName\":\"search_term_string\"}}],\"inLanguage\":\"en-US\"}]}<\/script>\n<!-- \/ Yoast SEO plugin. -->","yoast_head_json":{"title":"Disclaimer Lib\u00e9ma Profcycling - Libema Profcycling","robots":{"index":"index","follow":"follow","max-snippet":"max-snippet:-1","max-image-preview":"max-image-preview:large","max-video-preview":"max-video-preview:-1"},"canonical":"https:\/\/libemaprofcycling.nl\/en\/disclaimer-libema-profcycling\/","og_locale":"en_US","og_type":"article","og_title":"Disclaimer Lib\u00e9ma Profcycling - Libema Profcycling","og_description":"The website www.libemaprofcycling.nl and www.neutraleservice.nl are maintained for the benefit of Lib\u00e9ma Prof Cycling B.V. All its components, except for certain (hyper) links &hellip;","og_url":"https:\/\/libemaprofcycling.nl\/en\/disclaimer-libema-profcycling\/","og_site_name":"Libema Profcycling","article_modified_time":"2018-05-25T10:10:16+00:00","twitter_card":"summary_large_image","twitter_misc":{"Est. reading time":"2 minutes"},"schema":{"@context":"https:\/\/schema.org","@graph":[{"@type":"WebPage","@id":"https:\/\/libemaprofcycling.nl\/en\/disclaimer-libema-profcycling\/","url":"https:\/\/libemaprofcycling.nl\/en\/disclaimer-libema-profcycling\/","name":"Disclaimer Lib\u00e9ma Profcycling - Libema Profcycling","isPartOf":{"@id":"https:\/\/libemaprofcycling.nl\/en\/#website"},"datePublished":"2018-01-23T11:29:33+00:00","dateModified":"2018-05-25T10:10:16+00:00","breadcrumb":{"@id":"https:\/\/libemaprofcycling.nl\/en\/disclaimer-libema-profcycling\/#breadcrumb"},"inLanguage":"en-US","potentialAction":[{"@type":"ReadAction","target":["https:\/\/libemaprofcycling.nl\/en\/disclaimer-libema-profcycling\/"]}]},{"@type":"BreadcrumbList","@id":"https:\/\/libemaprofcycling.nl\/en\/disclaimer-libema-profcycling\/#breadcrumb","itemListElement":[{"@type":"ListItem","position":1,"name":"Home","item":"https:\/\/libemaprofcycling.nl\/en\/"},{"@type":"ListItem","position":2,"name":"Disclaimer Lib\u00e9ma Profcycling"}]},{"@type":"WebSite","@id":"https:\/\/libemaprofcycling.nl\/en\/#website","url":"https:\/\/libemaprofcycling.nl\/en\/","name":"Libema Profcycling","description":"Libema","potentialAction":[{"@type":"SearchAction","target":{"@type":"EntryPoint","urlTemplate":"https:\/\/libemaprofcycling.nl\/en\/?s={search_term_string}"},"query-input":{"@type":"PropertyValueSpecification","valueRequired":true,"valueName":"search_term_string"}}],"inLanguage":"en-US"}]}},"_links":{"self":[{"href":"https:\/\/libemaprofcycling.nl\/en\/wp-json\/wp\/v2\/pages\/310","targetHints":{"allow":["GET"]}}],"collection":[{"href":"https:\/\/libemaprofcycling.nl\/en\/wp-json\/wp\/v2\/pages"}],"about":[{"href":"https:\/\/libemaprofcycling.nl\/en\/wp-json\/wp\/v2\/types\/page"}],"author":[{"embeddable":true,"href":"https:\/\/libemaprofcycling.nl\/en\/wp-json\/wp\/v2\/users\/1"}],"replies":[{"embeddable":true,"href":"https:\/\/libemaprofcycling.nl\/en\/wp-json\/wp\/v2\/comments?post=310"}],"version-history":[{"count":1,"href":"https:\/\/libemaprofcycling.nl\/en\/wp-json\/wp\/v2\/pages\/310\/revisions"}],"predecessor-version":[{"id":614,"href":"https:\/\/libemaprofcycling.nl\/en\/wp-json\/wp\/v2\/pages\/310\/revisions\/614"}],"wp:attachment":[{"href":"https:\/\/libemaprofcycling.nl\/en\/wp-json\/wp\/v2\/media?parent=310"}],"curies":[{"name":"wp","href":"https:\/\/api.w.org\/{rel}","templated":true}]}}